{"id":1918,"date":"2023-06-10T23:23:46","date_gmt":"2023-06-10T23:23:46","guid":{"rendered":"https:\/\/crashzentrale.de\/?page_id=1918"},"modified":"2023-10-12T21:11:43","modified_gmt":"2023-10-12T21:11:43","slug":"kostenvoranschlag2","status":"publish","type":"page","link":"https:\/\/crashzentrale.de\/?page_id=1918","title":{"rendered":"Kostenvoranschlag"},"content":{"rendered":"<p><div class=\"fusion-fullwidth fullwidth-box fusion-builder-row-1 fusion-flex-container has-pattern-background has-mask-background fusion-parallax-none nonhundred-percent-fullwidth non-hundred-percent-height-scrolling lazyload\" style=\"--awb-border-radius-top-left:0px;--awb-border-radius-top-right:0px;--awb-border-radius-bottom-right:0px;--awb-border-radius-bottom-left:0px;--awb-padding-bottom:291px;--awb-margin-bottom:0px;--awb-background-size:cover;\" data-bg=\"https:\/\/crashzentrale.de\/wp-content\/uploads\/2023\/06\/fabian-irsara-67l-QujB14w-unsplash-1-scaled.jpg\" ><div class=\"fusion-builder-row fusion-row fusion-flex-align-items-flex-start\" style=\"max-width:calc( 1200px + 80px );margin-left: calc(-80px \/ 2 );margin-right: calc(-80px \/ 2 );\"><\/div><\/div><div class=\"fusion-fullwidth fullwidth-box fusion-builder-row-2 fusion-flex-container has-pattern-background has-mask-background nonhundred-percent-fullwidth non-hundred-percent-height-scrolling\" style=\"--awb-border-radius-top-left:0px;--awb-border-radius-top-right:0px;--awb-border-radius-bottom-right:0px;--awb-border-radius-bottom-left:0px;--awb-margin-top:0px;--awb-background-color:var(--awb-color8);\" ><div class=\"fusion-builder-row fusion-row fusion-flex-align-items-flex-start\" style=\"max-width:calc( 1200px + 80px );margin-left: calc(-80px \/ 2 );margin-right: calc(-80px \/ 2 );\"><div class=\"fusion-layout-column fusion_builder_column fusion-builder-column-0 fusion_builder_column_1_1 1_1 fusion-flex-column\" style=\"--awb-padding-right-small:0px;--awb-bg-color:var(--awb-color4);--awb-bg-color-hover:var(--awb-color4);--awb-bg-size:cover;--awb-width-large:100%;--awb-margin-top-large:20px;--awb-spacing-right-large:569px;--awb-margin-bottom-large:20px;--awb-spacing-left-large:40px;--awb-width-medium:100%;--awb-order-medium:0;--awb-spacing-right-medium:569px;--awb-spacing-left-medium:40px;--awb-width-small:100%;--awb-order-small:0;--awb-spacing-right-small:18px;--awb-spacing-left-small:16px;\"><div class=\"fusion-column-wrapper fusion-column-has-shadow fusion-flex-justify-content-flex-start fusion-content-layout-column\"><div class=\"fusion-title title fusion-title-1 fusion-sep-none fusion-title-text fusion-title-size-one\" style=\"--awb-font-size:2em;\"><h1 class=\"title-heading-left\" style=\"margin:0;font-size:1em;text-transform:capitalize;\"><h1>Kostenvoranschlag<\/h1><\/h1><\/div><\/div><\/div><\/div><\/div><div class=\"fusion-fullwidth fullwidth-box fusion-builder-row-3 fusion-flex-container has-pattern-background has-mask-background nonhundred-percent-fullwidth non-hundred-percent-height-scrolling\" style=\"--awb-background-position:left top;--awb-border-sizes-top:0px;--awb-border-sizes-bottom:0px;--awb-border-sizes-left:0px;--awb-border-sizes-right:0px;--awb-border-radius-top-left:0px;--awb-border-radius-top-right:0px;--awb-border-radius-bottom-right:0px;--awb-border-radius-bottom-left:0px;--awb-padding-top:0px;--awb-padding-bottom:130px;--awb-padding-top-medium:90px;--awb-padding-bottom-medium:90px;--awb-margin-top:0px;--awb-margin-bottom-medium:0px;--awb-background-color:#000000;\" ><div class=\"fusion-builder-row fusion-row fusion-flex-align-items-flex-start fusion-flex-justify-content-flex-end\" style=\"max-width:calc( 1200px + 80px );margin-left: calc(-80px \/ 2 );margin-right: calc(-80px \/ 2 );\"><div class=\"fusion-layout-column fusion_builder_column fusion-builder-column-1 fusion_builder_column_1_1 1_1 fusion-flex-column\" style=\"--awb-padding-top:33px;--awb-padding-top-small:0px;--awb-bg-size:cover;--awb-width-large:100%;--awb-margin-top-large:0px;--awb-spacing-right-large:40px;--awb-margin-bottom-large:20px;--awb-spacing-left-large:38px;--awb-width-medium:100%;--awb-order-medium:0;--awb-spacing-right-medium:40px;--awb-spacing-left-medium:38px;--awb-width-small:100%;--awb-order-small:0;--awb-spacing-right-small:40px;--awb-spacing-left-small:40px;\"><div class=\"fusion-column-wrapper fusion-column-has-shadow fusion-flex-justify-content-flex-start fusion-content-layout-column\"><div class=\"fusion-title title fusion-title-2 fusion-sep-none fusion-title-text fusion-title-size-three\" style=\"--awb-text-color:#ffffff;\"><h3 class=\"title-heading-left\" style=\"margin:0;text-transform:capitalize;\"><h2 class=\"fusion-text fusion-text-1 fusion-text-no-margin\"><b style=\"font-family: Abel; font-weight: 400;\" data-fusion-font=\"true\" data-fusion-google-font=\"Abel\" data-fusion-google-variant=\"400\">Diese Alternative bietet sich f\u00fcr Sch\u00e4den bis zu 750\u20ac an. <\/b><\/h2>\n<h2 class=\"fusion-text fusion-text-1 fusion-text-no-margin\"><b style=\"font-family: Abel; font-weight: 400;\" data-fusion-font=\"true\" data-fusion-google-font=\"Abel\" data-fusion-google-variant=\"400\">Alles dar\u00fcber hinaus ben\u00f6tigt ein unabh\u00e4ngiges Gutachten.<\/b><\/h2><\/h3><\/div><\/div><\/div><\/div><\/div><div class=\"fusion-fullwidth fullwidth-box fusion-builder-row-4 fusion-flex-container has-pattern-background has-mask-background nonhundred-percent-fullwidth non-hundred-percent-height-scrolling\" style=\"--awb-border-radius-top-left:0px;--awb-border-radius-top-right:0px;--awb-border-radius-bottom-right:0px;--awb-border-radius-bottom-left:0px;--awb-background-color:#000000;\" ><div class=\"fusion-builder-row fusion-row fusion-flex-align-items-flex-start\" style=\"max-width:calc( 1200px + 80px );margin-left: calc(-80px \/ 2 );margin-right: calc(-80px \/ 2 );\"><div class=\"fusion-layout-column fusion_builder_column fusion-builder-column-2 fusion_builder_column_1_2 1_2 fusion-flex-column\" style=\"--awb-padding-bottom:55px;--awb-bg-color:#000000;--awb-bg-color-hover:#000000;--awb-bg-size:cover;--awb-width-large:50%;--awb-margin-top-large:18px;--awb-spacing-right-large:39px;--awb-margin-bottom-large:0px;--awb-spacing-left-large:40px;--awb-width-medium:50%;--awb-order-medium:0;--awb-spacing-right-medium:39px;--awb-spacing-left-medium:40px;--awb-width-small:100%;--awb-order-small:0;--awb-spacing-right-small:40px;--awb-spacing-left-small:40px;\"><div class=\"fusion-column-wrapper fusion-column-has-shadow fusion-flex-justify-content-flex-start fusion-content-layout-column\"><div class=\"fusion-text fusion-text-1\"><p><span style=\"color: #fcfcfc;\"><span style=\"color: #000000; font-size: 21px;\" data-fusion-font=\"true\"><b style=\"color: rgb(255, 255, 255);\">Vorsicht !<\/b><\/span><\/span><\/p>\n<p><span style=\"color: #fcfcfc;\"><span style=\"color: rgb(255, 255, 255);\">Was sich auf den ersten Blick als <\/span><\/span><strong style=\"color: rgb(255, 255, 255);\">&#8222;vermeintlich kleiner Blechschaden<\/strong><span style=\"color: rgb(255, 255, 255);\">&#8220; darstellt, kann in Wirklichkeit Kosten von weit mehr als 1.000 Euro verursachen. Sie k\u00f6nnen und sollten <\/span><a style=\"color: rgb(255, 255, 255);\" href=\"https:\/\/kfz-gutachter-ada.de\/ihre-rechte\/\">Ihr Recht<\/a><span style=\"color: rgb(255, 255, 255);\"> nutzen, um mit einem Gutachten <\/span><strong style=\"color: rgb(255, 255, 255);\">&#8222;alle denkbaren&#8220;<\/strong><span style=\"color: rgb(255, 255, 255);\"> Schadenersatzanspr\u00fcche durchzusetzen. <br \/><\/span><\/p>\n<p><span style=\"color: rgb(255, 255, 255);\">Ein Kostenvoranschlag der Werkstatt beschr\u00e4nkt sich nur auf die Reparaturkosten.<\/span><\/p>\n<p style=\"color: rgb(255, 255, 255);\">Im Haftpflichtschadenfall haben Sie ein Recht auf einen Mietwagen oder eine Nutzungsausfallentsch\u00e4digung. Dazu kommt noch der merkantile Minderwert, der Ihnen mit einem KV nicht erstattet wird.<\/p>\n<\/div><\/div><\/div><div class=\"fusion-layout-column fusion_builder_column fusion-builder-column-3 fusion_builder_column_1_2 1_2 fusion-flex-column\" style=\"--awb-bg-color:#000000;--awb-bg-color-hover:#000000;--awb-bg-size:cover;--awb-width-large:50%;--awb-margin-top-large:19px;--awb-spacing-right-large:40px;--awb-margin-bottom-large:0px;--awb-spacing-left-large:40px;--awb-width-medium:50%;--awb-order-medium:0;--awb-spacing-right-medium:40px;--awb-spacing-left-medium:40px;--awb-width-small:100%;--awb-order-small:0;--awb-spacing-right-small:40px;--awb-spacing-left-small:40px;\"><div class=\"fusion-column-wrapper fusion-column-has-shadow fusion-flex-justify-content-flex-start fusion-content-layout-column\"><ul style=\"--awb-item-padding-top:20px;--awb-item-padding-right:20px;--awb-item-padding-bottom:20px;--awb-item-padding-left:15px;--awb-odd-row-bgcolor:hsla(var(--awb-color2-h),var(--awb-color2-s),var(--awb-color2-l),calc(var(--awb-color2-a) - 50%));--awb-even-row-bgcolor:#7c7c7c;--awb-line-height:27.2px;--awb-icon-width:27.2px;--awb-icon-height:27.2px;--awb-icon-margin:11.2px;--awb-content-margin:38.4px;\" class=\"fusion-checklist fusion-checklist-1 type-icons\"><li class=\"fusion-li-item\" style=\"\"><span class=\"icon-wrapper circle-no\"><i class=\"fusion-li-icon fa-angle-right fas\" aria-hidden=\"true\"><\/i><\/span><div class=\"fusion-li-item-content\">\n<p style=\"color: rgb(255, 255, 255);\">Liegt der Schaden oberhalb der Bagatellgrenze, muss die Versicherung des Sch\u00e4digers die Kosten f\u00fcr ein Schadensgutachten \u00fcbernehmen. Nur bei einem Bagatellschaden ist die Schadenabwicklung mit einem Kostenvoranschlag f\u00fcr ein Auto zu empfehlen.<\/p>\n<\/div><\/li><li class=\"fusion-li-item\" style=\"\"><span class=\"icon-wrapper circle-no\"><i class=\"fusion-li-icon fa-angle-right fas\" aria-hidden=\"true\"><\/i><\/span><div class=\"fusion-li-item-content\">\n<p style=\"color: rgb(255, 255, 255);\">Im Vergleich zu einem Kfz Gutachten werden aber keine weiteren Anspr\u00fcche wie Wertminderung oder unfallbedingte Ausfallzeit f\u00fcr einen Mietwagen oder eine Nutzungsausfallentsch\u00e4digung beziffert.<\/p>\n<\/div><\/li><li class=\"fusion-li-item\" style=\"\"><span class=\"icon-wrapper circle-no\"><i class=\"fusion-li-icon fa-angle-right fas\" aria-hidden=\"true\"><\/i><\/span><div class=\"fusion-li-item-content\">\n<p style=\"color: #ffffff;\">Mit einem Kostenvoranschlag f\u00fcr Ihr Auto h\u00e4tten Sie lediglich Anspruch auf die Erstattung der Reparaturkosten.<\/p>\n<\/div><\/li><\/ul><\/div><\/div><\/div><\/div><\/p>\n","protected":false},"excerpt":{"rendered":"","protected":false},"author":1,"featured_media":0,"parent":0,"menu_order":0,"comment_status":"closed","ping_status":"closed","template":"100-width.php","meta":[],"_links":{"self":[{"href":"https:\/\/crashzentrale.de\/index.php?rest_route=\/wp\/v2\/pages\/1918"}],"collection":[{"href":"https:\/\/crashzentrale.de\/index.php?rest_route=\/wp\/v2\/pages"}],"about":[{"href":"https:\/\/crashzentrale.de\/index.php?rest_route=\/wp\/v2\/types\/page"}],"author":[{"embeddable":true,"href":"https:\/\/crashzentrale.de\/index.php?rest_route=\/wp\/v2\/users\/1"}],"replies":[{"embeddable":true,"href":"https:\/\/crashzentrale.de\/index.php?rest_route=%2Fwp%2Fv2%2Fcomments&post=1918"}],"version-history":[{"count":33,"href":"https:\/\/crashzentrale.de\/index.php?rest_route=\/wp\/v2\/pages\/1918\/revisions"}],"predecessor-version":[{"id":2428,"href":"https:\/\/crashzentrale.de\/index.php?rest_route=\/wp\/v2\/pages\/1918\/revisions\/2428"}],"wp:attachment":[{"href":"https:\/\/crashzentrale.de\/index.php?rest_route=%2Fwp%2Fv2%2Fmedia&parent=1918"}],"curies":[{"name":"wp","href":"https:\/\/api.w.org\/{rel}","templated":true}]}}