{"id":2,"date":"2023-06-03T19:55:41","date_gmt":"2023-06-03T19:55:41","guid":{"rendered":"https:\/\/crashzentrale.de\/?page_id=2"},"modified":"2023-10-13T09:58:56","modified_gmt":"2023-10-13T09:58:56","slug":"sample-page","status":"publish","type":"page","link":"https:\/\/crashzentrale.de\/?page_id=2","title":{"rendered":"AGBs"},"content":{"rendered":"<div class=\"fusion-fullwidth fullwidth-box fusion-builder-row-1 fusion-flex-container has-pattern-background has-mask-background nonhundred-percent-fullwidth non-hundred-percent-height-scrolling\" style=\"--awb-border-radius-top-left:0px;--awb-border-radius-top-right:0px;--awb-border-radius-bottom-right:0px;--awb-border-radius-bottom-left:0px;\" ><div class=\"fusion-builder-row fusion-row fusion-flex-align-items-flex-start\" style=\"max-width:calc( 1200px + 80px );margin-left: calc(-80px \/ 2 );margin-right: calc(-80px \/ 2 );\"><div class=\"fusion-layout-column fusion_builder_column fusion-builder-column-0 fusion_builder_column_1_1 1_1 fusion-flex-column\" style=\"--awb-bg-size:cover;--awb-width-large:100%;--awb-margin-top-large:0px;--awb-spacing-right-large:40px;--awb-margin-bottom-large:20px;--awb-spacing-left-large:40px;--awb-width-medium:100%;--awb-order-medium:0;--awb-spacing-right-medium:40px;--awb-spacing-left-medium:40px;--awb-width-small:100%;--awb-order-small:0;--awb-spacing-right-small:40px;--awb-spacing-left-small:40px;\"><div class=\"fusion-column-wrapper fusion-column-has-shadow fusion-flex-justify-content-flex-start fusion-content-layout-column\"><div class=\"fusion-text fusion-text-1\"><h1 style=\"font-size: 32px;\" data-fusion-font=\"true\">Allgemeine Vertragsbedingungen<\/h1>\n<p><strong>\u00a7 1 Gegenstand des Vertrages<\/strong><br \/>1. Gegenstand des Vertrages ist der schriftliche Auftrag und die Annahme der Gutachtenerstattung.<br \/>2. Grund f\u00fcr die Beauftragung des Gutachters ist ausschlie\u00dflich der im Auftrag genannte Verwendungs-<br \/>zweck. Der Auftraggeber verpflichtet sich, genaue Angaben \u00fcber den Verwendungszweck zu machen und<br \/>eine \u00c4nderung unverz\u00fcglich mitzuteilen.<br \/>3. Abweichende Gesch\u00e4ftsbedingungen des Auftraggebers von diesen Allgemeinen Vertragsbedingungen<br \/>werden nur Vertragsinhalt, wenn sie vom Sachverst\u00e4ndigen ausdr\u00fccklich und schriftlich anerkannt wer-<br \/>den.<\/p>\n<p><strong>\u00a7 2 Gegenseitige Rechte und Pflichten<\/strong><br \/>1. Die Gutachtenerstellung wird vom Sachverst\u00e4ndigen nach den geltenden Grunds\u00e4tzen unparteiisch und<br \/>nach bestem Wissen und Gewissen durchgef\u00fchrt.<br \/>2. Der Sachverst\u00e4ndige ist den Weisungen des Auftraggebers insoweit nicht unterworfen, als diese zur in-<br \/>haltlichen Unrichtigkeit des Gutachtens f\u00fchren oder seine Berufspflichten verletzen w\u00fcrden.<br \/>3. Der Sachverst\u00e4ndige ist berechtigt, folgende, f\u00fcr die Durchf\u00fchrung des Auftrags notwendigen Dinge zu<br \/>veranlassen, ohne dass es hierf\u00fcr einer besonderen Zustimmung des Auftraggebers bedarf:<br \/>Notwendige Untersuchungen, Anfertigen von Zeichnungen und Fotos, Besichtigungen, Laborversuche.<br \/>4. Durch die Beauftragung wird der Sachverst\u00e4ndige gleichzeitig erm\u00e4chtigt, nach seinem<br \/>Ermessen bei Beh\u00f6rden, Beteiligten und Dritten Personen Ausk\u00fcnfte einzuholen und Nachforschungen<br \/>anzustellen. Auf Anforderung ist dem Sachverst\u00e4ndigen eine besondere Vollmacht auszustellen.<\/p>\n<p><strong>\u00a7 3 Mitwirkung des Auftraggebers<\/strong><br \/>1. Der Auftraggeber verpflichtet sich, alle f\u00fcr den Sachverst\u00e4ndigen notwendigen und gew\u00fcnschten Unterla-<br \/>gen rechtzeitig und unentgeltlich zur Verf\u00fcgung zu stellen.<br \/>2. Der Sachverst\u00e4ndige wird vom Auftraggeber von allen Vorg\u00e4ngen, die f\u00fcr das Gutachten von Bedeutung<br \/>sein k\u00f6nnen, ohne besondere Aufforderung in Kenntnis gesetzt.<br \/>3. Der Auftraggeber verpflichtet sich, den Sachverst\u00e4ndigen zu unterst\u00fctzen.<\/p>\n<p><strong>\u00a7 4 Hilfskr\u00e4fte, Sonderfachleute und weitere Sachverst\u00e4ndige<\/strong><br \/>1. Der Sachverst\u00e4ndige darf nach seinem Ermessen zur Durchf\u00fchrung des Auftrages geeignete Hilfskr\u00e4fte<br \/>heranziehen.<br \/>2. Anfallende Kosten f\u00fcr Hilfskr\u00e4fte oder Laboruntersuchungen sind vom Auftraggeber ohne vorherige Ab-<br \/>sprache zu bezahlen. Diese Kosten entsprechen jedoch maximal bis zur H\u00f6he<br \/>von 10% der Auftragssumme. H\u00f6here Kosten sind mit dem Auftraggeber abzusprechen.<br \/>3. Die Einschaltung weiterer Sachverst\u00e4ndigen oder Sonderfachleuten bedarf die Zustimmung des Auftrag-<br \/>gebers. Der Sachverst\u00e4ndige haftet nicht f\u00fcr die T\u00e4tigkeit und Ergebnisse eingeschalteter Sonderfach-<br \/>leute oder weiterer Sachverst\u00e4ndiger. Die Verwertung dieser Ergebnisse erfolgt ohne Gew\u00e4hr.<br \/>4. Die Beauftragung weiterer Sachverst\u00e4ndigen oder Sonderfachleuten erfolgt im Namen und auf Rechnung<br \/>des Auftraggebers.<\/p>\n<p><strong>\u00a7 5 Termine<\/strong><br \/>1. Der Sachverst\u00e4ndige hat das Gutachten in einem f\u00fcr ihn zumutbaren Zeitrahmen zu erstellen. Terminab-<br \/>sprachen sind nur verbindlich, wenn sie dem Auftraggeber schriftlich zugesichert wurden.<\/p>\n<p><strong>\u00a7 6 Urheberrecht<\/strong><br \/>1. Der Sachverst\u00e4ndige hat an dem von ihm gefertigten Gutachten ein Urheberrecht.<br \/>2. Der Auftraggeber darf das Gutachten nur zu dem in der Auftragserteilung festgelegten<br \/>Zweck verwenden. Eine Vervielf\u00e4ltigung oder Ver\u00f6ffentlichung, auch auszugsweise, ist<br \/>nur mit schriftlicher Genehmigung des Sachverst\u00e4ndigen gestattet und im Allgemeinen<br \/>zus\u00e4tzlich zu honorieren.<\/p>\n<p><strong>\u00a7 7 Schweigepflicht<\/strong><br \/>1. Der Sachverst\u00e4ndige ist im Rahmen seiner gutachterlichen T\u00e4tigkeit zur Verschwiegenheit verpflichtet.<br \/>2. Objektive Erkenntnisse aus der Gutachtert\u00e4tigkeit darf der Sachverst\u00e4ndige f\u00fcr seine berufliche T\u00e4tigkeit<br \/>insoweit verwerten, als hierzu ein R\u00fcckschluss auf den Auftraggeber nicht m\u00f6glich ist.<br \/>3. Der Sachverst\u00e4ndige ist von der Schweigepflicht entbunden, wenn es aufgrund gesetzlicher Vorschriften<br \/>geschieht, das Gutachten im Rahmen von Ermittlungsarbeiten erstellt wird oder zur Folge hat oder der<br \/>Auftraggeber ihn ausdr\u00fccklich von der Schweigepflicht entbindet.<\/p>\n<p><strong>\u00a7 8 Haftung<\/strong><br \/>1. Der Sachverst\u00e4ndige haftet nicht f\u00fcr leichte Fahrl\u00e4ssigkeit bei Erstattung des Gutachtens und sonstiger<br \/>Sachverst\u00e4ndigent\u00e4tigkeit.<br \/>2. Der Sachverst\u00e4ndige haftet f\u00fcr Sch\u00e4den aufgrund eines mangelhaften Gutachtens nur dann, wenn er oder seine Hilfskr\u00e4fte die Sch\u00e4den durch vors\u00e4tzliche oder grob fahrl\u00e4ssige Pflichtverletzung verursacht<br \/>haben. Das gilt auch f\u00fcr Sch\u00e4den, die der Sachverst\u00e4ndige bei der Vorbereitung seines Gutachtens verur-<br \/>sacht hat, sowie f\u00fcr Sch\u00e4den, die nach erfolgter Nacherf\u00fcllung entstanden sind. \u00a7 939 BGB bleibt unber\u00fchrt. Alle dar\u00fcberhinausgehenden Schadensersatzanspr\u00fcche werden ausgeschlossen.<br \/>3. Die Haftpflicht wird auf maximal \u20ac 3.000.000 beschr\u00e4nkt. (Alternativ: Die Haftpflicht wird auf die H\u00f6he<br \/>der durch das SV-B\u00fcro abgeschlossenen Versicherung begrenzt)<\/p>\n<p><strong>\u00a7 9 Verg\u00fctung<\/strong><br \/>1. Der Verg\u00fctungsanspruch des Sachverst\u00e4ndigen richtet sich nach den vertraglichen Vereinbarungen, den<br \/>Bestimmungen des BGB und den nachfolgenden Berechnungsgrundlagen.<br \/>2. Neben der Verg\u00fctung hat der Sachverst\u00e4ndige Anspruch auf Ersatz der entstandenen Aufwendungen.<br \/>3. Der Sachverst\u00e4ndige ist auch ohne besondere Vereinbarung berechtigt, f\u00fcr die von ihm geforderten Leis-<br \/>tungen und Aufwendungen eine Vorauszahlung zu verlangen. Ebenso ist der Sachverst\u00e4ndige berechtigt,<br \/>erst nach Eingang der Vorauszahlung t\u00e4tig zu werden.<br \/>4. Die volle Verg\u00fctung ist mit \u00dcberreichung des Gutachtens an den Auftraggeber oder eine von ihm be-<br \/>nannte Person f\u00e4llig. Get\u00e4tigte Vorauszahlungen sind in Abzug zu bringen.<br \/>5. Die Verg\u00fctung des Sachverst\u00e4ndigen kann entweder am Objektwert fest vereinbart werden oder richtet<br \/>sich nach den in diesen AGB festgelegten Stunden- und Verg\u00fctungss\u00e4tzen jeweils nach Zeitaufwand. Als<br \/>Stundens\u00e4tze gelten: F\u00fcr den Sachverst\u00e4ndigen \u20ac 80,00\/Std.<br \/>6. W\u00fcnscht der Auftraggeber eine vorrangige Eilbearbeitung des Auftrages oder einzelner Teilleistungen,<br \/>z.B. sofortige Ortsbesichtigung, Arbeit an Wochenenden und Feiertagen, so k\u00f6nnen f\u00fcr die jeweiligen<br \/>Leistungen Zuschl\u00e4ge von 30% berechnet werden.<br \/>7. Wird der Sachverst\u00e4ndige als Zeuge vor Gericht t\u00e4tig, erh\u00e4lt der Sachverst\u00e4ndige vom Auftraggeber den<br \/>Differenzbetrag zwischen der Zeugengeb\u00fchr und den vereinbarten Verg\u00fctungsbetr\u00e4gen erstattet.<br \/>8. Zu Verg\u00fctung und Auslagen kommt die gesetzliche Mehrwertsteuer in der jeweiligen gesetzlichen H\u00f6he<br \/>hinzu.<\/p>\n<p><strong>\u00a7 10 Zahlungen<\/strong><br \/>1. Der Rechnungsbetrag wird mit Datum der Rechnungsstellung oder mit \u00dcbergabe des Gutachtens sofort<br \/>und ohne Abzug f\u00e4llig.<\/p>\n<p><strong>\u00a7 11 K\u00fcndigung<\/strong><br \/>1. Der Vertrag kann nur aus wichtigem Grunde und schriftlich gek\u00fcndigt werden.<br \/>2. Als wichtiger K\u00fcndigungsgrund gilt, wenn der Auftraggeber trotz Mahnung die f\u00fcr die Durchf\u00fchrung der<br \/>Sachverst\u00e4ndigent\u00e4tigkeit erforderlichen Unterlagen nicht zug\u00e4nglich macht, seiner Mitwirkungspflicht<br \/>nicht nachkommt, seine Zustimmung z.B. zur notwendigen Einschaltung eines Sonderfachmannes ver-<br \/>weigert oder die T\u00e4tigkeit des Sachverst\u00e4ndigen behindert.<br \/>3. Als wichtiger K\u00fcndigungsgrund gilt unter anderem, wenn der Sachverst\u00e4ndige in grober Weise gegen die<br \/>ihm nach Sachverst\u00e4ndigenordnung obliegenden Verpflichtungen verst\u00f6\u00dft.<br \/>4. Endet der Vertrag durch eine K\u00fcndigung, die der Sachverst\u00e4ndige nicht zu vertreten hat, so beh\u00e4lt sich<br \/>der Sachverst\u00e4ndige seinen Anspruch auf vertragliche Verg\u00fctung, abz\u00fcglich 40% f\u00fcr eingesparte Aufwen-<br \/>dungen der noch nicht erbrachten Leistung, vor.<br \/>5. K\u00fcndigt der Auftraggeber aus Gr\u00fcnden, die der Sachverst\u00e4ndige nicht zu vertreten hat, so hat er An-<br \/>spruch auf Verg\u00fctung f\u00fcr bereits erbrachte Leistungen und Aufwendungen in voller H\u00f6he.<\/p>\n<p><strong>\u00a7 12 Erf\u00fcllungsort und Gerichtsstand<\/strong><br \/>1. Erf\u00fcllungsort und Gerichtsstand ist Musterhausen.<\/p>\n<p><strong>\u00a7 13 Schlussbestimmungen<\/strong><br \/>1. Falls eine Bestimmung dieses Vertrages aufgrund gesetzlicher Regelungen nichtig ist, wird die G\u00fcltigkeit<br \/>der \u00fcbrigen Bestimmungen dieses Vertrages nicht ber\u00fchrt. An Stelle der nichtigen Bestimmung soll das<br \/>gelten, was dem gewollten Zweck in gesetzlich zul\u00e4ssiger Weise am n\u00e4chsten kommt. Die Vertragspar-<br \/>teien verpflichten sich zur Annahme einer solchen Ersatzbestimmung.<br \/>2. \u00c4nderungen, Erg\u00e4nzungen und Nebenabreden zu diesem Vertrag haben schriftlich zu erfolgen.<br \/>3. Falls der Auftraggeber gegen einzelne Allgemeine Vertragsbedingungen Bedenken hat, bitte ich um Mit-<br \/>teilung. Ich bin insoweit \u00e4nderungsbereit.<\/p>\n<\/p>\n<p>Augsburg, den 09.06.2023<br \/>Markus Sinka<br \/>gepr\u00fcfter und anerkannter Sachverst\u00e4ndiger f\u00fcr Sch\u00e4den an Kraftfahrzeugen<br \/>registriert in den Sachverst\u00e4ndigenrollen der<br \/>DESAG &#8211; Deutsche Sachverst\u00e4ndigen Gesellschaft (K\/230403) und im<br \/>BSG e.V. &#8211; Berufsfachverband f\u00fcr das Sachverst\u00e4ndigen- und Gutachterwesen e.V. (DE-K-18042303)<br \/>Schiffmacherweg 27<br \/>86199 Augsburg<br \/>Tel.: 0821-40885120<br \/>mail: info@crashzentrale.de<\/p>\n<\/div><\/div><\/div><\/div><\/div>\n","protected":false},"excerpt":{"rendered":"","protected":false},"author":1,"featured_media":0,"parent":0,"menu_order":0,"comment_status":"closed","ping_status":"open","template":"","meta":[],"_links":{"self":[{"href":"https:\/\/crashzentrale.de\/index.php?rest_route=\/wp\/v2\/pages\/2"}],"collection":[{"href":"https:\/\/crashzentrale.de\/index.php?rest_route=\/wp\/v2\/pages"}],"about":[{"href":"https:\/\/crashzentrale.de\/index.php?rest_route=\/wp\/v2\/types\/page"}],"author":[{"embeddable":true,"href":"https:\/\/crashzentrale.de\/index.php?rest_route=\/wp\/v2\/users\/1"}],"replies":[{"embeddable":true,"href":"https:\/\/crashzentrale.de\/index.php?rest_route=%2Fwp%2Fv2%2Fcomments&post=2"}],"version-history":[{"count":5,"href":"https:\/\/crashzentrale.de\/index.php?rest_route=\/wp\/v2\/pages\/2\/revisions"}],"predecessor-version":[{"id":2459,"href":"https:\/\/crashzentrale.de\/index.php?rest_route=\/wp\/v2\/pages\/2\/revisions\/2459"}],"wp:attachment":[{"href":"https:\/\/crashzentrale.de\/index.php?rest_route=%2Fwp%2Fv2%2Fmedia&parent=2"}],"curies":[{"name":"wp","href":"https:\/\/api.w.org\/{rel}","templated":true}]}}